{"id":2477,"date":"2018-08-13T18:57:47","date_gmt":"2018-08-13T18:57:47","guid":{"rendered":"http:\/\/bazarsolidario.org.mx\/?page_id=2477"},"modified":"2018-08-13T19:04:02","modified_gmt":"2018-08-13T19:04:02","slug":"aviso-de-privacidad","status":"publish","type":"page","link":"https:\/\/www.bazarsolidario.org.mx\/en\/aviso-de-privacidad","title":{"rendered":"Aviso de privacidad"},"content":{"rendered":"<div class=\"wpb-content-wrapper\"><p>[vc_row][vc_column width=&#8221;1\/6&#8243;][\/vc_column][vc_column width=&#8221;2\/3&#8243;][vc_tta_tabs][vc_tta_section title=&#8221;Aviso de Privacidad&#8221; tab_id=&#8221;aviso&#8221;][vc_column_text]<\/p>\n<h1 style=\"text-align: center;\"><strong>AVISO DE PRIVACIDAD<\/strong><\/h1>\n<p>&nbsp;<\/p>\n<p>En cumplimiento a lo dispuesto por la Ley Federal de Protecci\u00f3n de Datos Personales en Posesi\u00f3n de Particulares (en adelante, la \u201cLey de Protecci\u00f3n de Datos Personales\u201d) BAZAR SOLIDARIO, I.A.P. (en adelante, \u201cBAZAR SOLIDARIO\u201d y\/o \u201cLA INSTITUCI\u00d3N\u201d), le informa, lo siguiente:<\/p>\n<p>&nbsp;<\/p>\n<h2 style=\"text-align: center;\"><strong>\u00bfQui\u00e9nes somos?<\/strong><\/h2>\n<p>\u201cBAZAR SOLIDARIO\u201d, es una Instituci\u00f3n de Asistencia Privada, que desde 1997 a venido laborando en el municipio de Cajeme, Sonora, M\u00e9xico, teniendo como misi\u00f3n, el generar intercambio solidario de recursos, servicios y conocimientos para impulsar el Desarrollo Social, con una visi\u00f3n enfocada a forjar una comunidad solidaria y comprometida con su propio desarrollo; donde exista un intercambio constante de bienes y servicios. Para llegar a lo cual, nos valemos de diversos programas dirigidos a lograr dichos fines. En ese sentido, \u201cLA INSTITUCI\u00d3N\u201d ha transitado de ser una organizaci\u00f3n que \u00fanicamente recib\u00eda art\u00edculos de segundo uso para distribuirlos de diversas maneras en la comunidad (actividad original de \u201cBAZAR SOLIDARIO\u201d), a ser una organizaci\u00f3n que tiene como prop\u00f3sito vincular y apoyar a personas y organizaciones con programas solidarios para mejorar su calidad de vida. As\u00ed mismo, algunos de los valores en que hemos enfocado con mayor fuerza nuestros esfuerzos, es en la Solidaridad, Servicio, Responsabilidad, Integridad, Respeto, Sinergia y Cuidado del medio Ambiente.<\/p>\n<p><strong>\u00a0<\/strong><\/p>\n<h2 style=\"text-align: center;\"><strong>\u00bfQu\u00e9 domicilio tenemos?<\/strong><\/h2>\n<p>&nbsp;<\/p>\n<p>El domicilio de \u201cLA INSTITUCI\u00d3N\u201d, se encuentra ubicado en Calle Sonora n\u00famero 129 Norte, entre Hidalgo y Allende, en la Colonia Zona Norte 1, en Ciudad Obreg\u00f3n, Sonora, C\u00f3digo Postal 85010.<\/p>\n<p>&nbsp;<\/p>\n<h2 style=\"text-align: center;\"><strong>\u00bfQu\u00e9 datos recabamos?<\/strong><\/h2>\n<p>Los datos que recabamos pueden ser todos o algunos de los siguientes: nombre, direcci\u00f3n, tel\u00e9fono, edad, Registro Federal de Contribuyentes, correo electr\u00f3nico, Clave \u00danica de Registro de Poblaci\u00f3n, firma, copia de cualquier identificaci\u00f3n oficial (credencial de elector, licencia de manejo, pasaporte, etc\u00e9tera), cartas m\u00e9dicas (s\u00f3lo en casos especiales y con su consentimiento expreso), n\u00famero de seguridad social, entre otros que usted o terceros nos proporcionen y nos sirvan para identificarlo.<\/p>\n<p>&nbsp;<\/p>\n<h2 style=\"text-align: center;\"><strong>\u00bfPara qu\u00e9 utilizamos los datos que recabamos?<\/strong><\/h2>\n<p>&nbsp;<\/p>\n<p>Los datos recabados se utilizan para todo lo que \u201cLA INSTITUCI\u00d3N\u201d estime relacionado y\/o conveniente con el desarrollo de su misi\u00f3n y visi\u00f3n y, sobre todo, lo relativo y conveniente para la puesta en marcha de los programas que se emprenden por \u201cBAZAR SOLIDARIO\u201d en tal sentido; dentro de dichas finalidades enunciativa, m\u00e1s no limitativamente, se encuentra el conseguir donativos en numerario o especie, el evaluar en todos sentidos los programas que se emprenden, el colocar y enviar publicidad de \u201cLA INSTITUCI\u00d3N\u201d, el mejorar nuestros programas, el realizar informes solicitados por nuestros donantes, entre otros.<\/p>\n<p>&nbsp;<\/p>\n<h2 style=\"text-align: center;\"><strong>\u00bfDe qui\u00e9n recabamos datos personales?<\/strong><\/h2>\n<p><strong>\u00a0<\/strong><\/p>\n<p>Los datos personales pueden ser recabados por \u201cLA INSTITUCI\u00d3N\u201d, de parte de sus donantes, beneficiarios, empleados, consejeros y en general, de aquellas personas que tengan un trato directo e incluso indirecto con \u201cBAZAR SOLIDARIO\u201d, tales como proveedores, beneficiarios indirectos de los programas, donantes de las fundaciones que a su vez son apoyadas por \u201cBAZAR SOLIDARIO\u201d de manera institucional, entre otros.<\/p>\n<p>&nbsp;<\/p>\n<h2 style=\"text-align: center;\"><strong>\u00bfCon qu\u00e9 derechos cuenta la persona de quien se recaban datos personales?<\/strong><\/h2>\n<p>&nbsp;<\/p>\n<p>Usted tiene derecho a limitar el uso de sus datos personales, as\u00ed como a ejercer los derechos de acceso, rectificaci\u00f3n, cancelaci\u00f3n u oposici\u00f3n previstos en la \u201cLey de Protecci\u00f3n de Datos Personales\u201d y revocar los consentimientos previamente otorgados, revocaci\u00f3n que nunca ser\u00e1 retroactiva.<\/p>\n<p>&nbsp;<\/p>\n<h2 style=\"text-align: center;\"><strong>\u00bfPor qu\u00e9 medios se ejercitan tales derechos?<\/strong><\/h2>\n<p>&nbsp;<\/p>\n<p>La solicitud de ejercicio de los derechos que se han relacionado, debe ser presentada por escrito, directamente en el domicilio de \u201cLA INSTITUCI\u00d3N\u201d (seg\u00fan se estableci\u00f3 anteriormente), en un horario de Lunes a Viernes de 9:00 a 18:00 hrs, la cual deber\u00e1 ir con firma aut\u00f3grafa del Titular y una copia de su identificaci\u00f3n original, as\u00ed como el original de la misma, la cual ser\u00e1 cotejada por la persona que la reciba y devuelta al titular, con n\u00famero de tel\u00e9fono en el cual pueda ser contactado, correo electr\u00f3nico, nombre completo del titular y la especificaci\u00f3n de qu\u00e9 derecho se ejercita, los hechos en que se haga descansar ese ejercicio y lo que espec\u00edficamente se solicita; en caso de que la solicitud se presente por un representante legal, adem\u00e1s de los requisitos anteriores (salvo la firma) \u00e9ste deber\u00e1 acreditar su representaci\u00f3n mediante documento notarial acompa\u00f1ado a la solicitud o en su defecto, carta poder firmada ante dos testigo la cual igualmente ser\u00e1 acompa\u00f1ada a la solicitud.<\/p>\n<p>&nbsp;<\/p>\n<h2 style=\"text-align: center;\"><strong>\u00bfC\u00f3mo se da respuesta a su solicitud?<\/strong><\/h2>\n<p>&nbsp;<\/p>\n<p>La solicitud presentada en los t\u00e9rminos anteriores, ser\u00e1 respondida a voluntad de la \u201cLA INSTITUCI\u00d3N\u201d, a trav\u00e9s de cualquiera de los siguientes medios: 1) A trav\u00e9s de correo electr\u00f3nico (medio a trav\u00e9s del cual se realizar\u00e1 cualquier requerimiento de informaci\u00f3n adicional); o 2) en caso de que no se haya dado respuesta por correo electr\u00f3nico, a trav\u00e9s de respuesta escrita que se pondr\u00e1 a disposici\u00f3n de quien haya presentado la solicitud (previo cercioramiento de su identidad con los mismos requisitos se\u00f1alados en el p\u00e1rrafo anterior), a partir del vig\u00e9simo d\u00eda h\u00e1bil a aquel en que se haya presentado la solicitud, y estar\u00e1 disponible por 5 d\u00edas h\u00e1biles, esto es, desde el vig\u00e9simo d\u00eda h\u00e1bil desde que se present\u00f3 la solicitud, hasta el vig\u00e9simo quinto, inclusive (en caso que se haya requerido informaci\u00f3n adicional los plazos se suspender\u00e1n hasta que se proporcione la misma o transcurra el t\u00e9rmino de 10 d\u00edas h\u00e1biles a que se refiere el art\u00edculo 96 del Reglamento de la Ley Federal de Protecci\u00f3n de Datos Personales en Posesi\u00f3n de los Particulares); transcurrido tal periodo, la respuesta podr\u00e1 ser destruida y cualquier circunstancia ser\u00e1 materia de una nueva solicitud.<\/p>\n<p>&nbsp;<\/p>\n<p>Por otro lado, es de destacar que en trat\u00e1ndose del derecho de acceso, \u00e9ste se otorgar\u00e1 mediante documento simple proporcionado a trav\u00e9s de cualquiera de los medios indicados, en el cual se especificar\u00e1n los datos personales con que se cuanta y cu\u00e1les son estos.<\/p>\n<p>&nbsp;<\/p>\n<h2 style=\"text-align: center;\"><strong>\u00bfA qui\u00e9n se puede trasferir la informaci\u00f3n?<\/strong><\/h2>\n<p>&nbsp;<\/p>\n<p>Es importante indicar que \u201cLA INSTITUCI\u00d3N\u201d no podr\u00e1 transferir a terceros o remitir sus datos personales, sin su previo consentimiento, el cual se entiende otorgado en raz\u00f3n de la aceptaci\u00f3n del presente aviso. En ese sentido, \u201cBAZAR SOLIDARIO\u201d transferir\u00e1 tales datos, cuando estime que sea conveniente para el desarrollo de su misi\u00f3n, y para el \u00e9xito de sus programas, en consecuencia, los datos personales recabados por \u201cLA INSTITUCI\u00d3N\u201d pueden ser transferidos, remitidos y tratados, dentro y fuera de la Rep\u00fablica Mexicana, hacia y por personas relacionadas con la misi\u00f3n y visi\u00f3n de \u201cLA INSTITUCI\u00d3N\u201d, procurando mantener, en todo momento, el uso confidencial y reservado de \u00e9stos. Por lo anterior, sus datos podr\u00e1n ser transferidos, entre otros, a aquellos donantes de \u201cLA INSTITUCI\u00d3N\u201d que as\u00ed lo soliciten como un requisito para llevar a cabo los donativos correspondientes.<\/p>\n<p>&nbsp;<\/p>\n<p>En ese sentido, se insiste, si usted no manifiesta su oposici\u00f3n para el tratamiento indicado en los precisos t\u00e9rminos del presente aviso de privacidad, se entender\u00e1 que consiente expresamente el mismo.<\/p>\n<p>&nbsp;<\/p>\n<p>No obstante lo anterior, cualquier modificaci\u00f3n al presente aviso ser\u00e1 difundida a trav\u00e9s de la publicaci\u00f3n que al efecto se lleve a cabo en la p\u00e1gina de Internet www.bazarsolidario.org.mx, o, en su defecto, mediante la puesta a disposici\u00f3n, en el domicilio indicado en el presente, de los cambios correspondientes, caso en el cual, Usted contar\u00e1 con un t\u00e9rmino de 3 d\u00edas h\u00e1biles, contados a partir de la modificaci\u00f3n respectiva, para expresar su oposici\u00f3n al tratamiento, en los t\u00e9rminos del nuevo aviso, mismo que deber\u00e1 ser presentado en el referido domicilio y dentro del horario de atenci\u00f3n antes se\u00f1alado.<\/p>\n<p>Este Aviso de Privacidad estar\u00e1 a su disposici\u00f3n en la p\u00e1gina de Internet\u00a0www.bazarsolidario.org.mx, o en las oficinas de \u201cLA INSTITUCI\u00d3N\u201d, ubicadas en el domicilio antes indicado y en lo no previsto en \u00e9l, se aplicar\u00e1 la Ley Federal de Protecci\u00f3n de Datos Personales en Posesi\u00f3n de los Particulares, su reglamento, y dem\u00e1s disposiciones legales aplicables.<\/p>\n<p><strong>Atentamente,<\/strong><br \/>\nBAZAR SOLIDARIO I.A.P.[\/vc_column_text][\/vc_tta_section][vc_tta_section title=&#8221;Simplificado&#8221; tab_id=&#8221;simplificado&#8221;][vc_column_text]<\/p>\n<h1 style=\"text-align: center;\"><strong><u>AVISO SIMPLIFICADO<\/u><\/strong><\/h1>\n<p><strong><u>\u00a0<\/u><\/strong><\/p>\n<p>De conformidad con la Ley Federal de Protecci\u00f3n de Datos Personales en Posesi\u00f3n de los Particulares y dem\u00e1s disposiciones aplicables, BAZAR SOLIDARIO, I.A.P. le informa que los datos personales que recaba, son utilizados para todo lo que tal Instituci\u00f3n estime relacionado y\/o conveniente con el desarrollo de su misi\u00f3n y visi\u00f3n, particularmente para la puesta en marcha de los programas que se emprenden, conseguir donativos en numerario o especie, evaluar en todos sentidos los programas respectivos, entre otros; en ese mismo sentido y para tales efectos, dichos datos pueden ser trasferidos a terceros.<\/p>\n<p>&nbsp;<\/p>\n<p>De cualquier forma, el \u201cAVISO DE PRIVACIDAD\u201d completo, se encuentra a su disposici\u00f3n en el domicilio de la Instituci\u00f3n, ubicado en Calle Sonora n\u00famero 129 Norte, entre Hidalgo y Allende, en la Colonia Zona Norte 1, en Ciudad Obreg\u00f3n, Sonora, C\u00f3digo Postal 85010 y en la p\u00e1gina de Internet <a href=\"http:\/\/www.bazarsolidario.org.mx\">www.bazarsolidario.org.mx<\/a>.[\/vc_column_text][\/vc_tta_section][\/vc_tta_tabs][\/vc_column][vc_column width=&#8221;1\/6&#8243;][\/vc_column][\/vc_row]<\/p>\n<\/div>","protected":false},"excerpt":{"rendered":"<p>[vc_row][vc_column width=&#8221;1\/6&#8243;][\/vc_column][vc_column width=&#8221;2\/3&#8243;][vc_tta_tabs][vc_tta_section title=&#8221;Aviso de Privacidad&#8221; tab_id=&#8221;aviso&#8221;][vc_column_text] AVISO DE PRIVACIDAD &nbsp; En cumplimiento a lo dispuesto por la Ley Federal de Protecci\u00f3n de Datos Personales en Posesi\u00f3n de Particulares (en adelante, la \u201cLey de Protecci\u00f3n de Datos Personales\u201d) BAZAR SOLIDARIO, I.A.P. (en adelante, \u201cBAZAR SOLIDARIO\u201d y\/o \u201cLA INSTITUCI\u00d3N\u201d), le informa, lo siguiente: &nbsp; \u00bfQui\u00e9nes somos?&hellip;<\/p>\n","protected":false},"author":1,"featured_media":0,"parent":0,"menu_order":0,"comment_status":"closed","ping_status":"closed","template":"","meta":{"footnotes":""},"class_list":["post-2477","page","type-page","status-publish","hentry","description-off"],"_links":{"self":[{"href":"https:\/\/www.bazarsolidario.org.mx\/en\/wp-json\/wp\/v2\/pages\/2477"}],"collection":[{"href":"https:\/\/www.bazarsolidario.org.mx\/en\/wp-json\/wp\/v2\/pages"}],"about":[{"href":"https:\/\/www.bazarsolidario.org.mx\/en\/wp-json\/wp\/v2\/types\/page"}],"author":[{"embeddable":true,"href":"https:\/\/www.bazarsolidario.org.mx\/en\/wp-json\/wp\/v2\/users\/1"}],"replies":[{"embeddable":true,"href":"https:\/\/www.bazarsolidario.org.mx\/en\/wp-json\/wp\/v2\/comments?post=2477"}],"version-history":[{"count":4,"href":"https:\/\/www.bazarsolidario.org.mx\/en\/wp-json\/wp\/v2\/pages\/2477\/revisions"}],"predecessor-version":[{"id":2483,"href":"https:\/\/www.bazarsolidario.org.mx\/en\/wp-json\/wp\/v2\/pages\/2477\/revisions\/2483"}],"wp:attachment":[{"href":"https:\/\/www.bazarsolidario.org.mx\/en\/wp-json\/wp\/v2\/media?parent=2477"}],"curies":[{"name":"wp","href":"https:\/\/api.w.org\/{rel}","templated":true}]}}